{"id":31,"date":"2024-02-15T18:23:58","date_gmt":"2024-02-15T18:23:58","guid":{"rendered":"http:\/\/localhost\/cnp2008\/?page_id=31"},"modified":"2025-08-20T08:09:03","modified_gmt":"2025-08-20T08:09:03","slug":"terms-conditions","status":"publish","type":"page","link":"http:\/\/dev81.developer24x7.com\/cnp2008\/com\/terms-conditions\/","title":{"rendered":"Terms &amp; Conditions"},"content":{"rendered":"\n<h2>Rechtliche Hinweise<\/h2>\nPersonen, die Zugang zu den Informationen auf dieser Website suchen, erkl\u00e4ren sich mit den folgenden Bedingungen einverstanden:\n\n<h2>Lokale gesetzliche Einschr\u00e4nkungen<\/h2>\nDer Zugang zu den auf dieser Website enthaltenen Informationen sowie zu Produkten oder Dienstleistungen, die hier beschrieben werden, kann aufgrund lokaler Gesetze und Vorschriften bestimmten Personen untersagt sein. F\u00fcr Personen, die solchen Einschr\u00e4nkungen unterliegen \u2013 insbesondere f\u00fcr US-Staatsb\u00fcrger oder in den USA wohnhafte Personen \u2013 ist der Zugriff auf diese Website untersagt. Wenn Sie sich \u00fcber die geltenden Verkaufsbeschr\u00e4nkungen oder \u00fcber die Bedeutung der auf dieser Website ver\u00f6ffentlichten Informationen unsicher sind, wenden Sie sich bitte an einen qualifizierten Berater. Investitionsentscheidungen sollten ausschlie\u00dflich auf Grundlage der jeweiligen offiziellen Verkaufsdokumente wie etwa einem Prospekt getroffen werden.\n\n<h2>Keine Empfehlung, kein Angebot<\/h2>\nDie Informationen auf dieser Website dienen ausschlie\u00dflich der allgemeinen Information und stellen weder eine Aufforderung noch ein Angebot zum Kauf oder Verkauf von Finanzinstrumenten oder Dienstleistungen dar. \u00dcber das Mitteilungsfenster oder per E-Mail \u00fcbermittelte Kauf- oder Verkaufsauftr\u00e4ge werden nicht entgegengenommen. Keine der Informationen auf dieser Website ist als Empfehlung f\u00fcr eine bestimmte Anlageentscheidung oder Transaktion zu verstehen. Vor jeder Anlageentscheidung sollte eine qualifizierte Beratung eingeholt werden \u2013 insbesondere bei US-Staatsangeh\u00f6rigen oder Personen mit Wohnsitz in den USA.\n\n<h2>Keine Gew\u00e4hrleistung \/ Keine Garantie<\/h2>\nDie Inhalte dieser Website werden von der Pecora Capital GmbH mit gr\u00f6\u00dftm\u00f6glicher Sorgfalt zusammengestellt und regelm\u00e4\u00dfig aktualisiert. Dennoch dienen die ver\u00f6ffentlichten Informationen ausschlie\u00dflich der allgemeinen Information und sind nicht verbindlich. Sie ersetzen keine individuelle Beratung und sollten nicht die Grundlage f\u00fcr Investitionsentscheidungen bilden. Die ver\u00f6ffentlichten Markt- und Anlageberichte basieren auf Quellen, die wir f\u00fcr zuverl\u00e4ssig halten. Dennoch kann sich der Informationsstand inzwischen ver\u00e4ndert haben oder auf unvollst\u00e4ndigen oder fehlerhaften Angaben Dritter beruhen. Eine Garantie oder Haftung f\u00fcr die Aktualit\u00e4t, Richtigkeit und Vollst\u00e4ndigkeit der bereitgestellten Informationen wird daher ausgeschlossen. Die Inhalte k\u00f6nnen jederzeit ohne Ank\u00fcndigung ge\u00e4ndert werden. Es besteht keine Verpflichtung, ver\u00f6ffentlichte Informationen zu aktualisieren oder als veraltet zu kennzeichnen.\n\n<h2>Warnung vor Risiken<\/h2>\nDiese Website dient ausschlie\u00dflich Informationszwecken. Die enthaltenen Informationen stellen keine Anlageberatung oder sonstige fachliche Empfehlung dar. Investitionen in die auf dieser Website erw\u00e4hnten Produkte sind mit erheblichen Risiken verbunden, einschlie\u00dflich des Totalverlusts des investierten Kapitals. Der Wert von Anlagen kann steigen oder fallen. Fr\u00fchere Wertentwicklungen sind keine Garantie f\u00fcr zuk\u00fcnftige Ergebnisse. Anlagen in Fremdw\u00e4hrungen unterliegen zus\u00e4tzlichen Wechselkursrisiken. Produkte mit hoher Volatilit\u00e4t k\u00f6nnen starken Preisschwankungen unterliegen. Derartige Schwankungen k\u00f6nnen den investierten Betrag \u00fcbersteigen. Bei Anlagen mit Hebelwirkung kann der Verlust den urspr\u00fcnglich investierten Betrag \u00fcbersteigen. Diese Produkte richten sich ausschlie\u00dflich an Anleger, die die Risiken verstehen und in der Lage sind, sie finanziell zu tragen. Anleger sollten sich zudem \u00fcber die steuerlichen Konsequenzen von Erwerb, Besitz und Ver\u00e4u\u00dferung von Finanzprodukten an ihrem Wohnsitz informieren.\n\n<h2>Haftungsausschluss<\/h2>\nDie Pecora Capital GmbH schlie\u00dft jegliche Haftung f\u00fcr direkte oder indirekte Sch\u00e4den, Verluste oder Folgesch\u00e4den aus, die aus der Nutzung oder dem Zugriff auf diese Website oder durch Verlinkungen zu externen Websites entstehen k\u00f6nnen. Dar\u00fcber hinaus lehnen wir jede Haftung f\u00fcr Eingriffe Dritter in das EDV-System des Nutzers ab. Es wird ausdr\u00fccklich auf die Gefahren durch Viren und Hackerangriffe hingewiesen. Die Pecora Capital GmbH kann nicht garantieren, dass \u00fcber diese Website zug\u00e4ngliche Informationen, Software oder sonstige Inhalte frei von Viren oder sch\u00e4dlichen Komponenten sind. Die Verwendung aktueller Anti-Virenprogramme und Browser wird dringend empfohlen. E-Mails unbekannter Herkunft sollten nicht ge\u00f6ffnet werden.\n\n<h2>Urheberrecht<\/h2>\nS\u00e4mtliche Inhalte und die Struktur dieser Website unterliegen dem Urheberrecht. Sofern nicht anders angegeben, ist die Pecora Capital GmbH Inhaberin s\u00e4mtlicher Rechte an Texten, Bildern, Grafiken und Layouts dieser Website. Diese Inhalte d\u00fcrfen ohne vorherige schriftliche Genehmigung weder kopiert, vervielf\u00e4ltigt, ver\u00e4ndert, noch verbreitet oder auf andere Weise genutzt werden. Das Herunterladen und Ausdrucken einzelner Seiten ist ausschlie\u00dflich f\u00fcr den privaten Gebrauch gestattet. Jegliche gewerbliche Nutzung, Verbreitung oder Ver\u00f6ffentlichung \u2013 auch in elektronischer Form \u2013 ist untersagt.\n\n<h2>Einverst\u00e4ndniserkl\u00e4rung<\/h2>\n\nMit dem Zugriff auf diese Website der Pecora Capital GmbH best\u00e4tigen Sie, dass Sie die rechtlichen Hinweise gelesen und verstanden haben. Sie erkl\u00e4ren sich insbesondere damit einverstanden, dass:\n\n\u2013 Sie keine US-Staatsangeh\u00f6rigkeit besitzen oder in den USA wohnhaft sind,<br>\n\u2013 Sie die geltenden gesetzlichen Beschr\u00e4nkungen in Ihrem Wohnsitzland beachten, <br>\n\u2013 die auf dieser Website enthaltenen Informationen keine Anlageberatung oder Empfehlung darstellen, <br>\n\u2013 Investitionen mit Risiken verbunden sind, einschlie\u00dflich des m\u00f6glichen Verlusts des gesamten eingesetzten Kapitals.\n\nWenn Sie mit diesen Bedingungen nicht einverstanden sind, verlassen Sie bitte diese Website.\n\n\n<h2>Links zu anderen Websites<\/h2>\nDiese Website enth\u00e4lt m\u00f6glicherweise Verlinkungen zu externen Internetseiten, die von Dritten betrieben werden. Die Pecora Capital GmbH hat keinen Einfluss auf deren Inhalte, \u00fcbernimmt keine Verantwortung f\u00fcr die Richtigkeit, Vollst\u00e4ndigkeit oder Rechtm\u00e4\u00dfigkeit dieser Inhalte und haftet nicht f\u00fcr dar\u00fcber angebotene Dienstleistungen oder Produkte. Zum Zeitpunkt der Verlinkung waren keine rechtswidrigen Inhalte erkennbar. Die Pecora Capital GmbH \u00fcberwacht verlinkte Websites nicht fortlaufend und distanziert sich ausdr\u00fccklich von allen Inhalten, die nachtr\u00e4glich ge\u00e4ndert wurden.\n\n<h2>\u00dcberwachung der Daten\u00fcbertragung \/ Datenschutz<\/h2>\nDie Pecora Capital GmbH ist berechtigt, aber nicht verpflichtet, Daten\u00fcbertragungen von und zur Website zu \u00fcberwachen. Durch Nutzung der Website akzeptieren Sie, dass technische Zugriffsdaten erfasst werden. Informationen zur Verarbeitung personenbezogener Daten finden Sie in unserer Datenschutzerkl\u00e4rung.\n\n<h2>E-Mail-Kommunikation<\/h2>\nBitte beachten Sie, dass E-Mails, die an die Pecora Capital GmbH gesendet werden, unverschl\u00fcsselt \u00fcbertragen werden. Ein Schutz vor Einsichtnahme durch Dritte kann daher nicht gew\u00e4hrleistet werden. Dar\u00fcber hinaus kann der Datenverkehr \u00fcber Landesgrenzen hinweg erfolgen, selbst wenn sich Absender und Empf\u00e4nger im selben Land befinden. Wir bitten Sie daher, keine vertraulichen Informationen oder personenbezogenen Daten per E-Mail zu \u00fcbermitteln.\n\n<h2>Anwendbares Recht<\/h2>\nDer Zugriff auf diese Website sowie deren Nutzung unterliegen dem Recht des F\u00fcrstentums Liechtenstein. Gerichtsstand ist Triesen, Liechtenstein.\n\n","protected":false},"excerpt":{"rendered":"<p>Rechtliche Hinweise Personen, die Zugang zu den Informationen auf dieser Website suchen, erkl\u00e4ren sich mit den folgenden Bedingungen einverstanden: Lokale gesetzliche Einschr\u00e4nkungen Der Zugang zu den auf dieser Website enthaltenen Informationen sowie zu Produkten oder Dienstleistungen, die hier beschrieben werden, kann aufgrund lokaler Gesetze und Vorschriften bestimmten Personen untersagt sein. F\u00fcr Personen, die solchen Einschr\u00e4nkungen &hellip; <a href=\"http:\/\/dev81.developer24x7.com\/cnp2008\/com\/terms-conditions\/\" class=\"more-link\">Continue reading<span class=\"screen-reader-text\"> &#8220;Terms &amp; Conditions&#8221;<\/span><\/a><\/p>\n","protected":false},"author":1,"featured_media":0,"parent":0,"menu_order":0,"comment_status":"closed","ping_status":"closed","template":"","meta":{"footnotes":""},"acf":[],"_links":{"self":[{"href":"http:\/\/dev81.developer24x7.com\/cnp2008\/com\/wp-json\/wp\/v2\/pages\/31"}],"collection":[{"href":"http:\/\/dev81.developer24x7.com\/cnp2008\/com\/wp-json\/wp\/v2\/pages"}],"about":[{"href":"http:\/\/dev81.developer24x7.com\/cnp2008\/com\/wp-json\/wp\/v2\/types\/page"}],"author":[{"embeddable":true,"href":"http:\/\/dev81.developer24x7.com\/cnp2008\/com\/wp-json\/wp\/v2\/users\/1"}],"replies":[{"embeddable":true,"href":"http:\/\/dev81.developer24x7.com\/cnp2008\/com\/wp-json\/wp\/v2\/comments?post=31"}],"version-history":[{"count":5,"href":"http:\/\/dev81.developer24x7.com\/cnp2008\/com\/wp-json\/wp\/v2\/pages\/31\/revisions"}],"predecessor-version":[{"id":375,"href":"http:\/\/dev81.developer24x7.com\/cnp2008\/com\/wp-json\/wp\/v2\/pages\/31\/revisions\/375"}],"wp:attachment":[{"href":"http:\/\/dev81.developer24x7.com\/cnp2008\/com\/wp-json\/wp\/v2\/media?parent=31"}],"curies":[{"name":"wp","href":"https:\/\/api.w.org\/{rel}","templated":true}]}}